{"id":8,"date":"2018-08-22T18:38:41","date_gmt":"2018-08-22T21:38:41","guid":{"rendered":"http:\/\/rafazimbaldi.com\/novo\/?page_id=8"},"modified":"2022-10-05T10:14:09","modified_gmt":"2022-10-05T13:14:09","slug":"inicio","status":"publish","type":"page","link":"https:\/\/rafazimbaldi.com.br\/novo\/","title":{"rendered":"In\u00edcio &#8211; Oficial Rafa Zimbaldi"},"content":{"rendered":"<p> #D\u00e1PraFazerDiferente <\/p>\n<p>Quem \u00e9 Rafa Zimbaldi?<\/p>\n<p>Rafa Zimbaldi nasceu no dia 28 de julho de 1981, em Campinas. Passou toda sua Inf\u00e2ncia na Regi\u00e3o do Ouro Verde. Cresceu no meio pol\u00edtico j\u00e1 que seu pai exerceu diversos cargos p\u00fablicos&#8230;\n<\/p>\n<p>CONHE\u00c7A SUA HIST\u00d3RIA <\/p>\n<p>.embed-container { position: relative; padding-bottom: 56.25%; height: 0; overflow: hidden; max-width: 100%; } .embed-container iframe, .embed-container object, .embed-container embed { position: absolute; top: 0; left: 0; width: 100%; height: 100%; }<\/p>\n<p>+ NOT\u00cdCIAS<\/p>\n\r\n\r\n<div id=\"wk-grid8db\" class=\"wk-grid-width-1-1 wk-grid-width-small-1-2 wk-grid-width-medium-1-3 wk-grid wk-grid-match wk-grid-small wk-text-left \" data-wk-grid-match=\"{target:'> div > .wk-panel', row:true}\" data-wk-grid-margin >\r\n\r\n\r\n    <div>\r\n        <div class=\"wk-panel wk-panel-box wk-panel-box-primary wk-panel-box-primary-hover wk-overlay-hover\">\r\n\r\n                        <a class=\"wk-position-cover wk-position-z-index\" href=\"https:\/\/rafazimbaldi.com.br\/novo\/queremos-um-sistema-integrado-para-combater-feminicidio-e-crime-de-stalking-afirma-rafa-zimbaldi\/\"><\/a>\r\n            \r\n            \r\n                        <div class=\"wk-text-center wk-panel-teaser\"><div class=\"wk-overlay \"><img src=\"https:\/\/rafazimbaldi.com.br\/novo\/wp-content\/uploads\/2026\/04\/Deputado-Rafa-Zimbaldi-Foto-Alesp-Divulgacao-2.jpg\" class=\" wk-overlay-scale\" alt=\"&#8220;Queremos um sistema integrado para combater feminic\u00eddio e crime de stalking&#8221;, afirma Rafa Zimbaldi\" width=\"2480\" height=\"1653\"><\/div><\/div>\r\n            \r\n            \r\n                        <h3 class=\"wk-panel-title\">\r\n\r\n                                    <a class=\"wk-link-reset\" href=\"https:\/\/rafazimbaldi.com.br\/novo\/queremos-um-sistema-integrado-para-combater-feminicidio-e-crime-de-stalking-afirma-rafa-zimbaldi\/\">&#8220;Queremos um sistema integrado para combater feminic\u00eddio e crime de stalking&#8221;, afirma Rafa Zimbaldi<\/a>\r\n                \r\n                \r\n            <\/h3>\r\n            \r\n            \r\n            \r\n            \r\n            \r\n                        <p><a class=\"wk-button wk-button-large wk-button-primary\" href=\"https:\/\/rafazimbaldi.com.br\/novo\/queremos-um-sistema-integrado-para-combater-feminicidio-e-crime-de-stalking-afirma-rafa-zimbaldi\/\">LEIA MAIS<\/a><\/p>\r\n            \r\n            \r\n        <\/div>\r\n    <\/div>\r\n\r\n\r\n    <div>\r\n        <div class=\"wk-panel wk-panel-box wk-panel-box-primary wk-panel-box-primary-hover wk-overlay-hover\">\r\n\r\n                        <a class=\"wk-position-cover wk-position-z-index\" href=\"https:\/\/rafazimbaldi.com.br\/novo\/campinas-recebe-reuniao-sobre-de-combate-ao-abuso-sexual-de-criancas-na-internet\/\"><\/a>\r\n            \r\n            \r\n                        <div class=\"wk-text-center wk-panel-teaser\"><div class=\"wk-overlay \"><img src=\"https:\/\/rafazimbaldi.com.br\/novo\/wp-content\/uploads\/2025\/06\/Design-sem-nome.png\" class=\" wk-overlay-scale\" alt=\"Campinas recebe reuni\u00e3o sobre de combate ao abuso sexual de crian\u00e7as na internet\" width=\"1500\" height=\"1000\"><\/div><\/div>\r\n            \r\n            \r\n                        <h3 class=\"wk-panel-title\">\r\n\r\n                                    <a class=\"wk-link-reset\" href=\"https:\/\/rafazimbaldi.com.br\/novo\/campinas-recebe-reuniao-sobre-de-combate-ao-abuso-sexual-de-criancas-na-internet\/\">Campinas recebe reuni\u00e3o sobre de combate ao abuso sexual de crian\u00e7as na internet<\/a>\r\n                \r\n                \r\n            <\/h3>\r\n            \r\n            \r\n            \r\n            \r\n            \r\n                        <p><a class=\"wk-button wk-button-large wk-button-primary\" href=\"https:\/\/rafazimbaldi.com.br\/novo\/campinas-recebe-reuniao-sobre-de-combate-ao-abuso-sexual-de-criancas-na-internet\/\">LEIA MAIS<\/a><\/p>\r\n            \r\n            \r\n        <\/div>\r\n    <\/div>\r\n\r\n\r\n    <div>\r\n        <div class=\"wk-panel wk-panel-box wk-panel-box-primary wk-panel-box-primary-hover wk-overlay-hover\">\r\n\r\n                        <a class=\"wk-position-cover wk-position-z-index\" href=\"https:\/\/rafazimbaldi.com.br\/novo\/consumo-de-cigarro-eletronico-cresce-entre-estudantes-de-13-a-17-anos\/\"><\/a>\r\n            \r\n            \r\n                        <div class=\"wk-text-center wk-panel-teaser\"><div class=\"wk-overlay \"><img src=\"https:\/\/rafazimbaldi.com.br\/novo\/wp-content\/uploads\/2026\/03\/Consumo-de-cigarro.jpg\" class=\" wk-overlay-scale\" alt=\"Consumo de cigarro eletr\u00f4nico cresce entre estudantes de 13 a 17 anos\" width=\"1200\" height=\"794\"><\/div><\/div>\r\n            \r\n            \r\n                        <h3 class=\"wk-panel-title\">\r\n\r\n                                    <a class=\"wk-link-reset\" href=\"https:\/\/rafazimbaldi.com.br\/novo\/consumo-de-cigarro-eletronico-cresce-entre-estudantes-de-13-a-17-anos\/\">Consumo de cigarro eletr\u00f4nico cresce entre estudantes de 13 a 17 anos<\/a>\r\n                \r\n                \r\n            <\/h3>\r\n            \r\n            \r\n            \r\n            \r\n            \r\n                        <p><a class=\"wk-button wk-button-large wk-button-primary\" href=\"https:\/\/rafazimbaldi.com.br\/novo\/consumo-de-cigarro-eletronico-cresce-entre-estudantes-de-13-a-17-anos\/\">LEIA MAIS<\/a><\/p>\r\n            \r\n            \r\n        <\/div>\r\n    <\/div>\r\n\r\n\r\n<\/div>\r\n\r\n<script>\r\n(function($){\r\n\r\n    \/\/ get the images of the gallery and replace it by a canvas of the same size to fix the problem with overlapping images on load.\r\n    $('img[width][height]:not(.wk-overlay-panel)', $('#wk-grid8db')).each(function() {\r\n\r\n        var $img = $(this);\r\n\r\n        if (this.width == 'auto' || this.height == 'auto' || !$img.is(':visible')) {\r\n            return;\r\n        }\r\n\r\n        var $canvas = $('<canvas class=\"wk-responsive-width\"><\/canvas>').attr({width:$img.attr('width'), height:$img.attr('height')}),\r\n            img = new Image,\r\n            release = function() {\r\n                $canvas.remove();\r\n                $img.css('display', '');\r\n                release = function(){};\r\n            };\r\n\r\n        $img.css('display', 'none').after($canvas);\r\n\r\n        $(img).on('load', function(){ release(); });\r\n        setTimeout(function(){ release(); }, 1000);\r\n\r\n        img.src = this.src;\r\n\r\n    });\r\n\r\n})(jQuery);\r\n<\/script>\r\n\n<p>+ NOT\u00cdCIAS<\/p>\n<p><!-- {\"name\":\"\",\"type\":\"layout\",\"children\":[{\"name\":\"\",\"type\":\"section\",\"props\":{\"style\":\"default\",\"width\":\"\",\"vertical_align\":\"middle\",\"title_position\":\"top-left\",\"title_rotation\":\"left\",\"title_breakpoint\":\"xl\",\"image_position\":\"center-center\",\"padding\":\"none\",\"height\":\"percent\",\"header_transparent\":\"\",\"header_transparent_noplaceholder\":false},\"children\":[{\"name\":\"\",\"type\":\"row\",\"props\":{\"fixed_width\":\"large\",\"breakpoint\":\"m\",\"layout\":\"1-1\"},\"children\":[{\"name\":\"\",\"type\":\"column\",\"props\":{\"widths\":[\"1-1\"],\"image_position\":\"center-center\"},\"children\":[{\"name\":\"\",\"type\":\"slideshow\",\"props\":{\"show_title\":true,\"show_meta\":true,\"show_content\":true,\"show_link\":true,\"show_thumbnail\":false,\"slideshow_min_height\":\"360\",\"slideshow_autoplay_pause\":true,\"nav\":\"dotnav\",\"nav_position\":\"bottom-center\",\"nav_position_margin\":\"medium\",\"nav_align\":\"center\",\"nav_breakpoint\":\"s\",\"thumbnav_width\":\"100\",\"thumbnav_height\":\"75\",\"slidenav\":\"top-right\",\"slidenav_margin\":\"medium\",\"slidenav_breakpoint\":\"s\",\"slidenav_outside_breakpoint\":\"xl\",\"overlay_position\":\"center-left\",\"overlay_animation\":\"parallax\",\"title_element\":\"h4\",\"meta_style\":\"meta\",\"meta_align\":\"bottom\",\"link_text\":\"LEIA MAIS\",\"link_style\":\"primary\",\"margin\":\"default\",\"slideshow_height\":\"percent\",\"overlay_container\":\"small\",\"overlay_width\":\"large\",\"content_style\":\"\",\"slidenav_hover\":true,\"content_parallax_x_start\":-600,\"content_parallax_scale_start\":0.299999999999999988897769753748434595763683319091796875,\"overlay_style\":\"\",\"css\":\".el-title {background-color: rgba(255,255,255,0.9); padding: 20px 40px; border-bottom: 5px solid white;}\\n\\n@media only screen and (max-width: 640px) {\\n.el-title {font-size:90%; padding: 10px 20px;}\\n}\",\"title_parallax_scale_start\":0.299999999999999988897769753748434595763683319091796875,\"title_parallax_opacity_start\":0,\"link_parallax_scale_start\":0.299999999999999988897769753748434595763683319091796875,\"link_parallax_opacity_start\":0,\"link_size\":\"large\",\"title_decoration\":\"\",\"title_color\":\"\"},\"children\":[{\"name\":\"\",\"type\":\"slideshow_item\",\"props\":{\"image\":\"wp-content\\\/uploads\\\/2019\\\/06\\\/showcase-obrigado2-1.jpg\",\"title\":\"\",\"link\":\"\",\"link_text\":\"\"}}]}]}]}]},{\"name\":\"\",\"type\":\"section\",\"props\":{\"style\":\"primary\",\"width\":\"default\",\"vertical_align\":\"middle\",\"title_position\":\"top-left\",\"title_rotation\":\"left\",\"title_breakpoint\":\"xl\",\"image_position\":\"center-center\",\"padding\":\"xsmall\"},\"children\":[{\"name\":\"\",\"type\":\"row\",\"props\":{\"fixed_width\":\"large\",\"breakpoint\":\"m\",\"layout\":\"1-1\"},\"children\":[{\"name\":\"\",\"type\":\"column\",\"props\":{\"widths\":[\"1-1\"],\"image_position\":\"center-center\"},\"children\":[{\"name\":\"\",\"type\":\"headline\",\"props\":{\"title_element\":\"h1\",\"content\":\"\n\n<div style=\\\"color: #fff;\\\"> #D\\u00e1PraFazerDiferente <\\\/div>\",\"title_style\":\"heading-hero\",\"text_align\":\"center\",\"css\":\"@media only screen and (max-width: 640px) {\\n    .el-element {font-size: 140%}   \\n}\\n\"}}]}]}]},{\"name\":\"\",\"type\":\"section\",\"props\":{\"style\":\"default\",\"width\":\"small\",\"vertical_align\":\"middle\",\"title_position\":\"top-left\",\"title_rotation\":\"left\",\"title_breakpoint\":\"xl\",\"image_position\":\"center-center\",\"padding\":\"small\",\"padding_remove_bottom\":false,\"preserve_color\":false},\"children\":[{\"name\":\"\",\"type\":\"row\",\"props\":{\"fixed_width\":\"large\",\"breakpoint\":\"m\",\"layout\":\",\",\"vertical_align\":true},\"children\":[{\"name\":\"\",\"type\":\"column\",\"props\":{\"widths\":[\"\"],\"image_position\":\"center-center\"},\"children\":[{\"name\":\"\",\"type\":\"headline\",\"props\":{\"title_element\":\"h1\",\"content\":\"Quem \\u00e9 Rafa Zimbaldi?\"}},{\"name\":\"\",\"type\":\"text\",\"props\":{\"margin\":\"default\",\"column_breakpoint\":\"m\",\"content\":\"Rafa Zimbaldi nasceu no dia 28 de julho de 1981, em Campinas. Passou toda sua Inf\\u00e2ncia na Regi\\u00e3o do Ouro Verde. Cresceu no meio pol\\u00edtico j\\u00e1 que seu pai exerceu diversos cargos p\\u00fablicos...\\n\"}},{\"name\":\"\",\"type\":\"button\",\"props\":{\"gutter\":\"small\",\"margin\":\"default\",\"button_size\":\"large\"},\"children\":[{\"name\":\"\",\"type\":\"button_item\",\"props\":{\"button_style\":\"secondary\",\"icon_align\":\"right\",\"content\":\"CONHE\\u00c7A SUA HIST\\u00d3RIA \",\"link\":\"historia\\\/\",\"icon\":\"forward\"}}]}]},{\"name\":\"\",\"type\":\"column\",\"props\":{\"widths\":[\"\"],\"image_position\":\"center-center\"},\"children\":[{\"name\":\"\",\"type\":\"html\",\"props\":{\"content\":\"\n\n<style>.embed-container { position: relative; padding-bottom: 56.25%; height: 0; overflow: hidden; max-width: 100%; } .embed-container iframe, .embed-container object, .embed-container embed { position: absolute; top: 0; left: 0; width: 100%; height: 100%; }<\\\/style>\n\n<div class='embed-container'><iframe src='https:\\\/\\\/www.youtube.com\\\/embed\\\/\\\/aDcSC2e_o_4' frameborder='0' allowfullscreen><\\\/iframe><\\\/div>\"}}]}]}]},{\"name\":\"\",\"type\":\"section\",\"props\":{\"style\":\"primary\",\"width\":\"default\",\"vertical_align\":\"middle\",\"title_position\":\"top-left\",\"title_rotation\":\"left\",\"title_breakpoint\":\"xl\",\"image_position\":\"center-center\",\"padding\":\"small\",\"overlap\":false,\"preserve_color\":true,\"header_transparent\":\"\"},\"children\":[{\"name\":\"\",\"type\":\"row\",\"props\":{\"fixed_width\":\"large\",\"breakpoint\":\"m\",\"layout\":\"1-1\"},\"children\":[{\"name\":\"\",\"type\":\"column\",\"props\":{\"widths\":[\"1-1\"],\"image_position\":\"center-center\"},\"children\":[{\"name\":\"\",\"type\":\"headline\",\"props\":{\"title_element\":\"h1\",\"content\":\"+ NOT\\u00cdCIAS\",\"text_align\":\"center\",\"title_decoration\":\"line\",\"title_color\":\"muted\",\"title_style\":\"\",\"css\":\"style=\\\"color: #fff;\\\"\"}},{\"name\":\"\",\"type\":\"html\",\"props\":{\"content\":\"[widgetkit id=\\\"1\\\"]\"}},{\"name\":\"\",\"type\":\"button\",\"props\":{\"gutter\":\"small\",\"margin\":\"default\",\"text_align\":\"right\"},\"children\":[{\"name\":\"\",\"type\":\"button_item\",\"props\":{\"button_style\":\"default\",\"icon_align\":\"right\",\"link_title\":\"+ NOT\\u00cdCIAS\",\"icon\":\"arrow-right\",\"content\":\"+ NOT\\u00cdCIAS\",\"link\":\"https:\\\/\\\/rafazimbaldi.com.br\\\/novo\\\/category\\\/noticias\\\/\"}}]}]}]}]},{\"name\":\"\",\"type\":\"section\",\"props\":{\"style\":\"default\",\"width\":\"small\",\"vertical_align\":\"middle\",\"title_position\":\"top-left\",\"title_rotation\":\"left\",\"title_breakpoint\":\"xl\",\"image_position\":\"center-center\",\"padding\":\"small\",\"padding_remove_bottom\":false},\"children\":[{\"name\":\"\",\"type\":\"row\",\"props\":{\"fixed_width\":\"large\",\"breakpoint\":\"m\",\"layout\":\"1-1\"},\"children\":[{\"name\":\"\",\"type\":\"column\",\"props\":{\"widths\":[\"1-1\"],\"image_position\":\"center-center\"}}]}]}]} --><\/p>\n","protected":false},"excerpt":{"rendered":"<p>#D\u00e1PraFazerDiferente Quem \u00e9 Rafa Zimbaldi? Rafa Zimbaldi nasceu no dia 28 de julho de 1981, em Campinas. Passou toda sua Inf\u00e2ncia na Regi\u00e3o do Ouro Verde. Cresceu no meio pol\u00edtico j\u00e1 que seu pai exerceu diversos cargos p\u00fablicos&#8230; CONHE\u00c7A SUA HIST\u00d3RIA .embed-container { position: relative; padding-bottom: 56.25%; height: 0; overflow: hidden; max-width: 100%; } .embed-container [&hellip;]<\/p>\n","protected":false},"author":1,"featured_media":0,"parent":0,"menu_order":0,"comment_status":"closed","ping_status":"closed","template":"","meta":{"_monsterinsights_skip_tracking":false,"_monsterinsights_sitenote_active":false,"_monsterinsights_sitenote_note":"","_monsterinsights_sitenote_category":0},"yoast_head":"<!-- This site is optimized with the Yoast SEO plugin v16.5 - https:\/\/yoast.com\/wordpress\/plugins\/seo\/ -->\n<title>In\u00edcio - Oficial Rafa Zimbaldi - Rafa Zimbaldi<\/title>\n<meta name=\"robots\" content=\"index, follow, max-snippet:-1, max-image-preview:large, max-video-preview:-1\" \/>\n<link rel=\"canonical\" href=\"https:\/\/rafazimbaldi.com.br\/novo\/\" \/>\n<meta property=\"og:locale\" content=\"pt_BR\" \/>\n<meta property=\"og:type\" content=\"article\" \/>\n<meta property=\"og:title\" content=\"In\u00edcio - Oficial Rafa Zimbaldi - Rafa Zimbaldi\" \/>\n<meta property=\"og:description\" content=\"#D\u00e1PraFazerDiferente Quem \u00e9 Rafa Zimbaldi? Rafa Zimbaldi nasceu no dia 28 de julho de 1981, em Campinas. Passou toda sua Inf\u00e2ncia na Regi\u00e3o do Ouro Verde. Cresceu no meio pol\u00edtico j\u00e1 que seu pai exerceu diversos cargos p\u00fablicos&#8230; CONHE\u00c7A SUA HIST\u00d3RIA .embed-container { position: relative; padding-bottom: 56.25%; height: 0; overflow: hidden; max-width: 100%; } .embed-container [&hellip;]\" \/>\n<meta property=\"og:url\" content=\"https:\/\/rafazimbaldi.com.br\/novo\/\" \/>\n<meta property=\"og:site_name\" content=\"Rafa Zimbaldi\" \/>\n<meta property=\"article:modified_time\" content=\"2022-10-05T13:14:09+00:00\" \/>\n<meta name=\"twitter:card\" content=\"summary_large_image\" \/>\n<script type=\"application\/ld+json\" class=\"yoast-schema-graph\">{\"@context\":\"https:\/\/schema.org\",\"@graph\":[{\"@type\":\"WebSite\",\"@id\":\"https:\/\/rafazimbaldi.com.br\/novo\/#website\",\"url\":\"https:\/\/rafazimbaldi.com.br\/novo\/\",\"name\":\"Rafa Zimbaldi\",\"description\":\"Deputado Estadual \",\"potentialAction\":[{\"@type\":\"SearchAction\",\"target\":\"https:\/\/rafazimbaldi.com.br\/novo\/?s={search_term_string}\",\"query-input\":\"required name=search_term_string\"}],\"inLanguage\":\"pt-BR\"},{\"@type\":\"WebPage\",\"@id\":\"https:\/\/rafazimbaldi.com.br\/novo\/#webpage\",\"url\":\"https:\/\/rafazimbaldi.com.br\/novo\/\",\"name\":\"In\\u00edcio - Oficial Rafa Zimbaldi - Rafa Zimbaldi\",\"isPartOf\":{\"@id\":\"https:\/\/rafazimbaldi.com.br\/novo\/#website\"},\"datePublished\":\"2018-08-22T21:38:41+00:00\",\"dateModified\":\"2022-10-05T13:14:09+00:00\",\"breadcrumb\":{\"@id\":\"https:\/\/rafazimbaldi.com.br\/novo\/#breadcrumb\"},\"inLanguage\":\"pt-BR\",\"potentialAction\":[{\"@type\":\"ReadAction\",\"target\":[\"https:\/\/rafazimbaldi.com.br\/novo\/\"]}]},{\"@type\":\"BreadcrumbList\",\"@id\":\"https:\/\/rafazimbaldi.com.br\/novo\/#breadcrumb\",\"itemListElement\":[{\"@type\":\"ListItem\",\"position\":1,\"name\":\"In\\u00edcio\",\"item\":\"https:\/\/rafazimbaldi.com.br\/novo\/\"},{\"@type\":\"ListItem\",\"position\":2,\"name\":\"In\\u00edcio &#8211; Oficial Rafa Zimbaldi\"}]}]}<\/script>\n<!-- \/ Yoast SEO plugin. -->","_links":{"self":[{"href":"https:\/\/rafazimbaldi.com.br\/novo\/wp-json\/wp\/v2\/pages\/8"}],"collection":[{"href":"https:\/\/rafazimbaldi.com.br\/novo\/wp-json\/wp\/v2\/pages"}],"about":[{"href":"https:\/\/rafazimbaldi.com.br\/novo\/wp-json\/wp\/v2\/types\/page"}],"author":[{"embeddable":true,"href":"https:\/\/rafazimbaldi.com.br\/novo\/wp-json\/wp\/v2\/users\/1"}],"replies":[{"embeddable":true,"href":"https:\/\/rafazimbaldi.com.br\/novo\/wp-json\/wp\/v2\/comments?post=8"}],"version-history":[{"count":48,"href":"https:\/\/rafazimbaldi.com.br\/novo\/wp-json\/wp\/v2\/pages\/8\/revisions"}],"predecessor-version":[{"id":5305,"href":"https:\/\/rafazimbaldi.com.br\/novo\/wp-json\/wp\/v2\/pages\/8\/revisions\/5305"}],"wp:attachment":[{"href":"https:\/\/rafazimbaldi.com.br\/novo\/wp-json\/wp\/v2\/media?parent=8"}],"curies":[{"name":"wp","href":"https:\/\/api.w.org\/{rel}","templated":true}]}}